{"id":23,"date":"2022-05-30T02:16:48","date_gmt":"2022-05-30T02:16:48","guid":{"rendered":"https:\/\/drop.com.co\/radio\/?page_id=23"},"modified":"2025-04-04T02:55:23","modified_gmt":"2025-04-04T07:55:23","slug":"home-1","status":"publish","type":"page","link":"https:\/\/drop.com.co\/radio\/","title":{"rendered":"Home 1"},"content":{"rendered":"\t\t<div data-elementor-type=\"wp-page\" data-elementor-id=\"23\" class=\"elementor elementor-23\">\n\t\t\t\t\t\t<section class=\"elementor-section elementor-top-section elementor-element elementor-element-4d4d874 elementor-section-full_width elementor-section-height-default elementor-section-height-default\" data-id=\"4d4d874\" data-element_type=\"section\" data-settings=\"{&quot;background_background&quot;:&quot;classic&quot;}\">\n\t\t\t\t\t\t\t<div class=\"elementor-background-overlay\"><\/div>\n\t\t\t\t\t\t\t<div class=\"elementor-container elementor-column-gap-no\">\n\t\t\t\t\t<div class=\"elementor-column elementor-col-100 elementor-top-column elementor-element elementor-element-27118d3\" data-id=\"27118d3\" data-element_type=\"column\">\n\t\t\t<div class=\"elementor-widget-wrap elementor-element-populated\">\n\t\t\t\t\t\t<div class=\"elementor-element elementor-element-82d322c animated-slow elementor-invisible elementor-widget elementor-widget-heading\" data-id=\"82d322c\" data-element_type=\"widget\" data-settings=\"{&quot;_animation&quot;:&quot;ova-move-right&quot;,&quot;_animation_tablet&quot;:&quot;none&quot;}\" data-widget_type=\"heading.default\">\n\t\t\t\t<div class=\"elementor-widget-container\">\n\t\t\t<h2 class=\"elementor-heading-title elementor-size-default\">Bienvenidos a<\/h2>\t\t<\/div>\n\t\t\t\t<\/div>\n\t\t\t\t<div class=\"elementor-element elementor-element-28acfa8 animated-slow elementor-invisible elementor-widget elementor-widget-heading\" data-id=\"28acfa8\" data-element_type=\"widget\" data-settings=\"{&quot;_animation&quot;:&quot;ova-move-up&quot;,&quot;_animation_tablet&quot;:&quot;none&quot;,&quot;_animation_delay&quot;:100}\" data-widget_type=\"heading.default\">\n\t\t\t\t<div class=\"elementor-widget-container\">\n\t\t\t<h2 class=\"elementor-heading-title elementor-size-default\">Drop radio<\/h2>\t\t<\/div>\n\t\t\t\t<\/div>\n\t\t\t\t\t<\/div>\n\t\t<\/div>\n\t\t\t\t\t<\/div>\n\t\t<\/section>\n\t\t\t\t<section class=\"elementor-section elementor-top-section elementor-element elementor-element-e5c5763 elementor-section-boxed elementor-section-height-default elementor-section-height-default\" data-id=\"e5c5763\" data-element_type=\"section\">\n\t\t\t\t\t\t<div class=\"elementor-container elementor-column-gap-default\">\n\t\t\t\t\t<div class=\"elementor-column elementor-col-100 elementor-top-column elementor-element elementor-element-3fcc7b7\" data-id=\"3fcc7b7\" data-element_type=\"column\">\n\t\t\t<div class=\"elementor-widget-wrap elementor-element-populated\">\n\t\t\t\t\t\t<div class=\"elementor-element elementor-element-785a0fb elementor-fixed elementor-widget elementor-widget-shortcode\" data-id=\"785a0fb\" data-element_type=\"widget\" data-settings=\"{&quot;_position&quot;:&quot;fixed&quot;}\" data-widget_type=\"shortcode.default\">\n\t\t\t\t<div class=\"elementor-widget-container\">\n\t\t\t\t\t<div class=\"elementor-shortcode\"><div class=\"radio_player\" data-player-type=\"shortcode\"data-data=\"eyJpZCI6MSwidGl0bGUiOiJEcm9wIFJhZGlvIiwic3RpY2t5IjpmYWxzZSwic3RhdHVzIjp0cnVlLCJza2luIjoic2tpbjIiLCJzdGF0aW9ucyI6W3sidGl0bGUiOiJEcm9wIFJhZGlvIiwic3RyZWFtIjoiaHR0cHM6XC9cL3N0cmVhbS56ZW5vLmZtXC80Z3dqaTB4czdiMnZ2IiwidGh1bWJuYWlsIjoiaHR0cHM6XC9cL2Ryb3AuY29tLmNvXC9yYWRpb1wvd3AtY29udGVudFwvdXBsb2Fkc1wvMjAyNFwvMTBcL0xvZ28tRHJvcC0zLnBuZyJ9XSwicG9wdXBfaWNvbiI6ZmFsc2UsInBsYXlsaXN0X2ljb24iOmZhbHNlLCJoaXN0b3J5X2ljb24iOmZhbHNlLCJ2b2x1bWVfY29udHJvbCI6dHJ1ZSwicGxheWVyX3N0YXR1cyI6dHJ1ZSwic2hvd19hcnRpc3QiOmZhbHNlLCJzaG93X2FydHdvcmsiOmZhbHNlLCJwbGF5ZXJfdGV4dCI6Ikxpc3RlbiBMaXZlIiwid2lkdGgiOjM1MCwid2lkdGhfbW9iaWxlIjozMjAsImJvcmRlcl9yYWRpdXMiOjEwLCJiZ19jb2xvciI6IiM1NTgxQTQiLCJiZ19pbWFnZSI6Imh0dHBzOlwvXC9kcm9wLmNvbS5jb1wvcmFkaW9cL3dwLWNvbnRlbnRcL3BsdWdpbnNcL3JhZGlvLXBsYXllclwvYXNzZXRzXC9pbWFnZXNcL3BsYXllci1iZy5wbmciLCJiZ190eXBlIjoiY29sb3IiLCJjb2xvcl90eXBlIjoic29saWQiLCJ0ZXh0X2NvbG9yIjoiI2ZmZiIsImJveF9zaGFkb3ciOnRydWUsImJveF9zaGFkb3dfaCI6MCwiYm94X3NoYWRvd192IjoyNSwiYm94X3NoYWRvd19ibHVyIjoyMCwiYm94X3NoYWRvd19zcHJlYWQiOi0yNSwiYm94X3NoYWRvd19jb2xvciI6InJnYmEoMCwgMCwgMCwgMC40NSkiLCJib3hfc2hhZG93X3R5cGUiOiIiLCJzaG93X3RpdGxlIjp0cnVlLCJ3aWR0aF9kZXZpY2UiOiJkZXNrdG9wIn0=\"><\/div><\/div>\n\t\t\t\t<\/div>\n\t\t\t\t<\/div>\n\t\t\t\t\t<\/div>\n\t\t<\/div>\n\t\t\t\t\t<\/div>\n\t\t<\/section>\n\t\t\t\t<section class=\"elementor-section elementor-top-section elementor-element elementor-element-d9364ce elementor-section-boxed elementor-section-height-default elementor-section-height-default\" data-id=\"d9364ce\" data-element_type=\"section\" data-settings=\"{&quot;background_background&quot;:&quot;classic&quot;}\">\n\t\t\t\t\t\t<div class=\"elementor-container elementor-column-gap-no\">\n\t\t\t\t\t<div class=\"elementor-column elementor-col-50 elementor-top-column elementor-element elementor-element-ffcf205\" data-id=\"ffcf205\" data-element_type=\"column\">\n\t\t\t<div class=\"elementor-widget-wrap elementor-element-populated\">\n\t\t\t\t\t\t<div class=\"elementor-element elementor-element-01192a1 elementor-widget elementor-widget-podover_elementor_heading\" data-id=\"01192a1\" data-element_type=\"widget\" data-widget_type=\"podover_elementor_heading.default\">\n\t\t\t\t<div class=\"elementor-widget-container\">\n\t\t\t\n\t\t\t<div class=\"ova-title\">\n\n\t\t\t\t\t\t\t\t\t<h3 class=\"sub-title \">\n\t\t\t\t\t\tRadio Streaming\t\n\t\t\t\t\t<\/h3>\n\t\t\t\t\n\t\t\t\t\t\t\t\t\t\t\t\t\t\t\t<h2 class=\"title\"><a href=\"https:\/\/drop.com.co\/radio\/streaming\/\">Ahora la radio no solo se escucha, tambi\u00e9n se ve!<\/a><\/h2>\n\t\t\t\t\t\t\t\t\t\n\t\t\t\t\n\t\t\t<\/div> \n\t\t\t\n\t\t\t\t<\/div>\n\t\t\t\t<\/div>\n\t\t\t\t<div class=\"elementor-element elementor-element-67f54ab elementor-widget elementor-widget-text-editor\" data-id=\"67f54ab\" data-element_type=\"widget\" data-widget_type=\"text-editor.default\">\n\t\t\t\t<div class=\"elementor-widget-container\">\n\t\t\t\t\t\t\t<p>La radio nunca fue tan emocionante! <img decoding=\"async\" class=\"emoji\" role=\"img\" draggable=\"false\" src=\"https:\/\/s.w.org\/images\/core\/emoji\/15.0.3\/svg\/1f680.svg\" alt=\"\ud83d\ude80\" \/><img decoding=\"async\" class=\"emoji\" role=\"img\" draggable=\"false\" src=\"https:\/\/s.w.org\/images\/core\/emoji\/15.0.3\/svg\/2728.svg\" alt=\"\u2728\" \/> Ahora puedes ver y sentir la energ\u00eda de nuestra emisora en vivo. \u00danete a nosotros en nuestro <strong>canal de streaming<\/strong> y experimenta la radio como nunca antes: m\u00fasica, entrevistas, invitados especiales y, por supuesto, \u00a1momentos que no te querr\u00e1s perder! <img decoding=\"async\" class=\"emoji\" role=\"img\" draggable=\"false\" src=\"https:\/\/s.w.org\/images\/core\/emoji\/15.0.3\/svg\/1f3a5.svg\" alt=\"\ud83c\udfa5\" \/><img decoding=\"async\" class=\"emoji\" role=\"img\" draggable=\"false\" src=\"https:\/\/s.w.org\/images\/core\/emoji\/15.0.3\/svg\/1f3a4.svg\" alt=\"\ud83c\udfa4\" \/><img decoding=\"async\" class=\"emoji\" role=\"img\" draggable=\"false\" src=\"https:\/\/s.w.org\/images\/core\/emoji\/15.0.3\/svg\/1f3a7.svg\" alt=\"\ud83c\udfa7\" \/><\/p><p><img decoding=\"async\" class=\"emoji\" role=\"img\" draggable=\"false\" src=\"https:\/\/s.w.org\/images\/core\/emoji\/15.0.3\/svg\/1f534.svg\" alt=\"\ud83d\udd34\" \/> <strong>Con\u00e9ctate y s\u00e9 parte de la acci\u00f3n en tiempo real<\/strong>. Vive la experiencia y forma parte de nuestra comunidad en directo. \u00a1Es mucho m\u00e1s que solo escuchar, es vivir y ver cada segundo junto a nosotros! <img decoding=\"async\" class=\"emoji\" role=\"img\" draggable=\"false\" src=\"https:\/\/s.w.org\/images\/core\/emoji\/15.0.3\/svg\/1f525.svg\" alt=\"\ud83d\udd25\" \/><img decoding=\"async\" class=\"emoji\" role=\"img\" draggable=\"false\" src=\"https:\/\/s.w.org\/images\/core\/emoji\/15.0.3\/svg\/1f3ac.svg\" alt=\"\ud83c\udfac\" \/><\/p><p>\u00a0<\/p>\t\t\t\t\t\t<\/div>\n\t\t\t\t<\/div>\n\t\t\t\t\t<\/div>\n\t\t<\/div>\n\t\t\t\t<div class=\"elementor-column elementor-col-50 elementor-top-column elementor-element elementor-element-bcadc9c podover_stretch_column_right\" data-id=\"bcadc9c\" data-element_type=\"column\">\n\t\t\t<div class=\"elementor-widget-wrap elementor-element-populated\">\n\t\t\t\t\t\t<div class=\"elementor-element elementor-element-7cf84cc elementor-widget__width-initial elementor-widget elementor-widget-image\" data-id=\"7cf84cc\" data-element_type=\"widget\" data-widget_type=\"image.default\">\n\t\t\t\t<div class=\"elementor-widget-container\">\n\t\t\t\t\t\t\t\t\t\t\t\t\t<img fetchpriority=\"high\" decoding=\"async\" width=\"542\" height=\"619\" src=\"https:\/\/drop.com.co\/radio\/wp-content\/uploads\/2022\/06\/testimonial.png\" class=\"attachment-large size-large wp-image-1270\" alt=\"\" srcset=\"https:\/\/drop.com.co\/radio\/wp-content\/uploads\/2022\/06\/testimonial.png 542w, https:\/\/drop.com.co\/radio\/wp-content\/uploads\/2022\/06\/testimonial-400x457.png 400w, https:\/\/drop.com.co\/radio\/wp-content\/uploads\/2022\/06\/testimonial-263x300.png 263w\" sizes=\"(max-width: 542px) 100vw, 542px\" \/>\t\t\t\t\t\t\t\t\t\t\t\t\t<\/div>\n\t\t\t\t<\/div>\n\t\t\t\t\t<\/div>\n\t\t<\/div>\n\t\t\t\t\t<\/div>\n\t\t<\/section>\n\t\t\t\t<section class=\"elementor-section elementor-top-section elementor-element elementor-element-a20f426 elementor-section-boxed elementor-section-height-default elementor-section-height-default\" data-id=\"a20f426\" data-element_type=\"section\">\n\t\t\t\t\t\t<div class=\"elementor-container elementor-column-gap-default\">\n\t\t\t\t\t<div class=\"elementor-column elementor-col-100 elementor-top-column elementor-element elementor-element-3ad6bd0\" data-id=\"3ad6bd0\" data-element_type=\"column\">\n\t\t\t<div class=\"elementor-widget-wrap elementor-element-populated\">\n\t\t\t\t\t\t<div class=\"elementor-element elementor-element-c73b18d elementor-widget elementor-widget-spacer\" data-id=\"c73b18d\" data-element_type=\"widget\" data-widget_type=\"spacer.default\">\n\t\t\t\t<div class=\"elementor-widget-container\">\n\t\t\t\t\t<div class=\"elementor-spacer\">\n\t\t\t<div class=\"elementor-spacer-inner\"><\/div>\n\t\t<\/div>\n\t\t\t\t<\/div>\n\t\t\t\t<\/div>\n\t\t\t\t<div class=\"elementor-element elementor-element-9303920 streaming elementor-widget elementor-widget-heading\" data-id=\"9303920\" data-element_type=\"widget\" id=\"streaming\" data-widget_type=\"heading.default\">\n\t\t\t\t<div class=\"elementor-widget-container\">\n\t\t\t<h2 class=\"elementor-heading-title elementor-size-default\">Ver en Vivo<\/h2>\t\t<\/div>\n\t\t\t\t<\/div>\n\t\t\t\t<div class=\"elementor-element elementor-element-b589433 elementor-widget elementor-widget-html\" data-id=\"b589433\" data-element_type=\"widget\" data-widget_type=\"html.default\">\n\t\t\t\t<div class=\"elementor-widget-container\">\n\t\t\t<iframe src=\"https:\/\/player.kick.com\/dropradio\" height=\"720\" width=\"1280\" frameborder=\"0\" scrolling=\"no\" allowfullscreen=\"true\"><\/iframe>\t\t<\/div>\n\t\t\t\t<\/div>\n\t\t\t\t<div class=\"elementor-element elementor-element-bc1810e elementor-widget elementor-widget-code-highlight\" data-id=\"bc1810e\" data-element_type=\"widget\" data-widget_type=\"code-highlight.default\">\n\t\t\t\t<div class=\"elementor-widget-container\">\n\t\t\t\t\t<div class=\"prismjs-default  \">\n\t\t\t<pre data-line=\"\" class=\"highlight-height language-javascript \">\n\t\t\t\t<code readonly=\"true\" class=\"language-javascript\">\n\t\t\t\t\t<xmp><\/xmp>\n\t\t\t\t<\/code>\n\t\t\t<\/pre>\n\t\t<\/div>\n\t\t\t\t<\/div>\n\t\t\t\t<\/div>\n\t\t\t\t\t<\/div>\n\t\t<\/div>\n\t\t\t\t\t<\/div>\n\t\t<\/section>\n\t\t\t\t<section class=\"elementor-section elementor-top-section elementor-element elementor-element-8230b34 elementor-section-boxed elementor-section-height-default elementor-section-height-default\" data-id=\"8230b34\" data-element_type=\"section\" data-settings=\"{&quot;background_background&quot;:&quot;classic&quot;}\">\n\t\t\t\t\t\t\t<div class=\"elementor-background-overlay\"><\/div>\n\t\t\t\t\t\t\t<div class=\"elementor-container elementor-column-gap-default\">\n\t\t\t\t\t<div class=\"elementor-column elementor-col-100 elementor-top-column elementor-element elementor-element-dd340de\" data-id=\"dd340de\" data-element_type=\"column\">\n\t\t\t<div class=\"elementor-widget-wrap elementor-element-populated\">\n\t\t\t\t\t\t<div class=\"elementor-element elementor-element-5c28913 elementor-widget elementor-widget-podover_elementor_heading\" data-id=\"5c28913\" data-element_type=\"widget\" data-widget_type=\"podover_elementor_heading.default\">\n\t\t\t\t<div class=\"elementor-widget-container\">\n\t\t\t\n\t\t\t<div class=\"ova-title\">\n\n\t\t\t\t\t\t\t\t\t<h3 class=\"sub-title \">\n\t\t\t\t\t\tLo que tenemos para ti\t\n\t\t\t\t\t<\/h3>\n\t\t\t\t\n\t\t\t\t\t\t\t\t\t\t\t\t\t\t\t\t<h2 class=\"title\">Nuestros Programas<\/h2>\n\t\t\t\t\t\t\t\t\t\n\t\t\t\t\n\t\t\t<\/div> \n\t\t\t\n\t\t\t\t<\/div>\n\t\t\t\t<\/div>\n\t\t\t\t<div class=\"elementor-element elementor-element-6c92987 elementor-widget elementor-widget-text-editor\" data-id=\"6c92987\" data-element_type=\"widget\" data-widget_type=\"text-editor.default\">\n\t\t\t\t<div class=\"elementor-widget-container\">\n\t\t\t\t\t\t\t<p><span style=\"font-weight: 400;\"><strong>En Drop Radio, todo el mundo encuentra su espacio.<\/strong> Desde j\u00f3venes hasta adultos mayores, cada programa est\u00e1 dise\u00f1ado para conectar con tu d\u00eda a d\u00eda, siempre con un enfoque cristiano que te inspira y motiva.<\/span><\/p>\t\t\t\t\t\t<\/div>\n\t\t\t\t<\/div>\n\t\t\t\t<div class=\"elementor-element elementor-element-aff3530 elementor-widget elementor-widget-ovau_elementor_audio_slider_2\" data-id=\"aff3530\" data-element_type=\"widget\" data-settings=\"{&quot;pause_on_hover&quot;:&quot;yes&quot;,&quot;infinite&quot;:&quot;yes&quot;,&quot;nav_control&quot;:&quot;yes&quot;,&quot;dot_control&quot;:&quot;no&quot;}\" data-widget_type=\"ovau_elementor_audio_slider_2.default\">\n\t\t\t\t<div class=\"elementor-widget-container\">\n\t\t\t\n<div class=\"ova-audio-slider-2\">\n\t<div class=\"content slide-audio-2 owl-carousel owl-theme\" data-options=\"{&quot;items&quot;:3,&quot;slideBy&quot;:1,&quot;margin&quot;:0,&quot;autoplayTimeout&quot;:3000,&quot;smartSpeed&quot;:500,&quot;stagePadding&quot;:0,&quot;autoplayHoverPause&quot;:true,&quot;loop&quot;:true,&quot;autoplay&quot;:false,&quot;nav&quot;:true,&quot;dots&quot;:false,&quot;rtl&quot;:false,&quot;iconPrev&quot;:&quot;flaticon flaticon-left-arrow-1&quot;,&quot;iconNext&quot;:&quot;flaticon flaticon-right-arrow-1&quot;}\">\n\n\t\t\n<div class=\"ovau-item-part-grid item\">\n\n    <div class=\"ova-media\">\n         \n                    <div class=\"audio-img-wrapper\">\n                                    <a class=\"not-mega-link\" href=\"https:\/\/drop.com.co\/radio\/audio\/nature-provokes-strong-emotions-experts-say\/\">\n                 \n                    <img decoding=\"async\" src=\"https:\/\/drop.com.co\/radio\/wp-content\/uploads\/2022\/06\/podcast_11-1-1-510x335.jpg\" class=\"audio-img\" alt=\"Nature provokes strong emotions experts say\">\n                                    <\/a>\n                \n                                    <a class=\"not-mega-link\" href=\"https:\/\/drop.com.co\/radio\/audio-host\/jessica-jung\/\">\n                        <img decoding=\"async\" src=\"https:\/\/drop.com.co\/radio\/wp-content\/uploads\/2022\/05\/host-04-1-150x150.jpg\" class=\"host-img\" title=\"Jessica Jung\" alt=\"Jessica Jung\">\n                    <\/a>\n                            <\/div>\n                \n        <div class=\"content\">\n                \n            \n                                                <div class=\"icon\">\n                        <i class=\"flaticon flaticon-headphones\"><\/i>\n                    <\/div>\n                                <span class=\"category\">\n                                            <a class=\"not-mega-link\" href=\"https:\/\/drop.com.co\/radio\/category-audio\/el-despertar\/\">\n                            El despertar                        <\/a>\n                                    <\/span>\n            \n            \n                                            <a class=\"not-mega-link\" href=\"https:\/\/drop.com.co\/radio\/audio\/nature-provokes-strong-emotions-experts-say\/\">\n                 \n\n                    <h3 class=\"title\">\n                        Nature provokes strong emotions experts say                    <\/h3>\n\n                                    <\/a>\n                            \n            \n                        \n        <\/div>\n\n    <\/div>\n\n<\/div>\n\t<\/div>\n<\/div>\t\t<\/div>\n\t\t\t\t<\/div>\n\t\t\t\t<div class=\"elementor-element elementor-element-47cd1d6 elementor-widget elementor-widget-spacer\" data-id=\"47cd1d6\" data-element_type=\"widget\" data-widget_type=\"spacer.default\">\n\t\t\t\t<div class=\"elementor-widget-container\">\n\t\t\t\t\t<div class=\"elementor-spacer\">\n\t\t\t<div class=\"elementor-spacer-inner\"><\/div>\n\t\t<\/div>\n\t\t\t\t<\/div>\n\t\t\t\t<\/div>\n\t\t\t\t<div class=\"elementor-element elementor-element-271d404 elementor-widget elementor-widget-podover_elementor_heading\" data-id=\"271d404\" data-element_type=\"widget\" data-widget_type=\"podover_elementor_heading.default\">\n\t\t\t\t<div class=\"elementor-widget-container\">\n\t\t\t\n\t\t\t<div class=\"ova-title\">\n\n\t\t\t\t\t\t\t\t\t<h3 class=\"sub-title \">\n\t\t\t\t\t\tHaz parte de esta comunidad\t\n\t\t\t\t\t<\/h3>\n\t\t\t\t\n\t\t\t\t\t\t\t\t\t\t\t\t\t\t\t<h2 class=\"title\"><a href=\"https:\/\/drop.com.co\/radio\/streaming\/\">Deja que Drop Radio te acompa\u00f1e con la mejor m\u00fasica, la palabra de Dios y una comunidad que siempre te apoya.\n\n<\/a><\/h2>\n\t\t\t\t\t\t\t\t\t\n\t\t\t\t\n\t\t\t<\/div> \n\t\t\t\n\t\t\t\t<\/div>\n\t\t\t\t<\/div>\n\t\t\t\t\t<\/div>\n\t\t<\/div>\n\t\t\t\t\t<\/div>\n\t\t<\/section>\n\t\t\t\t<section class=\"elementor-section elementor-top-section elementor-element elementor-element-4ccb216 donaciones elementor-section-boxed elementor-section-height-default elementor-section-height-default\" data-id=\"4ccb216\" data-element_type=\"section\" id=\"donaciones\">\n\t\t\t\t\t\t<div class=\"elementor-container elementor-column-gap-default\">\n\t\t\t\t\t<div class=\"elementor-column elementor-col-50 elementor-top-column elementor-element elementor-element-96d8578\" data-id=\"96d8578\" data-element_type=\"column\">\n\t\t\t<div class=\"elementor-widget-wrap elementor-element-populated\">\n\t\t\t\t\t\t<div class=\"elementor-element elementor-element-4728200 elementor-widget elementor-widget-podover_elementor_heading\" data-id=\"4728200\" data-element_type=\"widget\" data-widget_type=\"podover_elementor_heading.default\">\n\t\t\t\t<div class=\"elementor-widget-container\">\n\t\t\t\n\t\t\t<div class=\"ova-title\">\n\n\t\t\t\t\t\t\t\t\t<h3 class=\"sub-title \">\n\t\t\t\t\t\tPuedes apoyar este espacio\t\n\t\t\t\t\t<\/h3>\n\t\t\t\t\n\t\t\t\t\t\t\t\t\t\t\t\t\t\t\t\t<h2 class=\"title\">Donaciones<\/h2>\n\t\t\t\t\t\t\t\t\t\n\t\t\t\t\n\t\t\t<\/div> \n\t\t\t\n\t\t\t\t<\/div>\n\t\t\t\t<\/div>\n\t\t\t\t<div class=\"elementor-element elementor-element-3f4987d elementor-widget elementor-widget-text-editor\" data-id=\"3f4987d\" data-element_type=\"widget\" data-widget_type=\"text-editor.default\">\n\t\t\t\t<div class=\"elementor-widget-container\">\n\t\t\t\t\t\t\t<p>Tu donaci\u00f3n nos ayuda a mantener este espacio de fe, esperanza y unidad para la comunidad latina. Cada aporte es una semilla que siembras en este proyecto que busca llevar el mensaje de amor y solidaridad a cada rinc\u00f3n.<\/p>\t\t\t\t\t\t<\/div>\n\t\t\t\t<\/div>\n\t\t\t\t\t<\/div>\n\t\t<\/div>\n\t\t\t\t<div class=\"elementor-column elementor-col-50 elementor-top-column elementor-element elementor-element-7e3b640\" data-id=\"7e3b640\" data-element_type=\"column\">\n\t\t\t<div class=\"elementor-widget-wrap elementor-element-populated\">\n\t\t\t\t\t\t<div class=\"elementor-element elementor-element-8211ae2 elementor-widget__width-initial elementor-widget elementor-widget-image\" data-id=\"8211ae2\" data-element_type=\"widget\" data-widget_type=\"image.default\">\n\t\t\t\t<div class=\"elementor-widget-container\">\n\t\t\t\t\t\t\t\t\t\t\t\t\t<img decoding=\"async\" width=\"1063\" height=\"1048\" src=\"https:\/\/drop.com.co\/radio\/wp-content\/uploads\/2024\/11\/codigo-qr-donaciones-drop-ministry.jpg\" class=\"attachment-full size-full wp-image-5816\" alt=\"\" srcset=\"https:\/\/drop.com.co\/radio\/wp-content\/uploads\/2024\/11\/codigo-qr-donaciones-drop-ministry.jpg 1063w, https:\/\/drop.com.co\/radio\/wp-content\/uploads\/2024\/11\/codigo-qr-donaciones-drop-ministry-300x296.jpg 300w, https:\/\/drop.com.co\/radio\/wp-content\/uploads\/2024\/11\/codigo-qr-donaciones-drop-ministry-1024x1010.jpg 1024w, https:\/\/drop.com.co\/radio\/wp-content\/uploads\/2024\/11\/codigo-qr-donaciones-drop-ministry-768x757.jpg 768w\" sizes=\"(max-width: 1063px) 100vw, 1063px\" \/>\t\t\t\t\t\t\t\t\t\t\t\t\t<\/div>\n\t\t\t\t<\/div>\n\t\t\t\t\t<\/div>\n\t\t<\/div>\n\t\t\t\t\t<\/div>\n\t\t<\/section>\n\t\t\t\t<\/div>\n\t\t","protected":false},"excerpt":{"rendered":"<p>Bienvenidos a Drop radio Radio Streaming Ahora la radio no solo se escucha, tambi\u00e9n se ve! La radio nunca fue tan emocionante! Ahora puedes ver y sentir la energ\u00eda de nuestra emisora en vivo. \u00danete a nosotros en nuestro canal de streaming y experimenta la radio como nunca antes: m\u00fasica, entrevistas, invitados especiales y, por [&hellip;]<\/p>\n","protected":false},"author":1,"featured_media":0,"parent":0,"menu_order":0,"comment_status":"closed","ping_status":"closed","template":"elementor_header_footer","meta":{"_joinchat":[],"footnotes":""},"class_list":["post-23","page","type-page","status-publish","hentry"],"_links":{"self":[{"href":"https:\/\/drop.com.co\/radio\/wp-json\/wp\/v2\/pages\/23","targetHints":{"allow":["GET"]}}],"collection":[{"href":"https:\/\/drop.com.co\/radio\/wp-json\/wp\/v2\/pages"}],"about":[{"href":"https:\/\/drop.com.co\/radio\/wp-json\/wp\/v2\/types\/page"}],"author":[{"embeddable":true,"href":"https:\/\/drop.com.co\/radio\/wp-json\/wp\/v2\/users\/1"}],"replies":[{"embeddable":true,"href":"https:\/\/drop.com.co\/radio\/wp-json\/wp\/v2\/comments?post=23"}],"version-history":[{"count":509,"href":"https:\/\/drop.com.co\/radio\/wp-json\/wp\/v2\/pages\/23\/revisions"}],"predecessor-version":[{"id":5959,"href":"https:\/\/drop.com.co\/radio\/wp-json\/wp\/v2\/pages\/23\/revisions\/5959"}],"wp:attachment":[{"href":"https:\/\/drop.com.co\/radio\/wp-json\/wp\/v2\/media?parent=23"}],"curies":[{"name":"wp","href":"https:\/\/api.w.org\/{rel}","templated":true}]}}